{"id":4251,"date":"2013-04-01T15:37:54","date_gmt":"2013-04-01T14:37:54","guid":{"rendered":"https:\/\/www.la-table-de-jeanne.fr\/home\/"},"modified":"2025-11-06T09:14:59","modified_gmt":"2025-11-06T08:14:59","slug":"home","status":"publish","type":"page","link":"https:\/\/www.la-table-de-jeanne.fr\/en\/","title":{"rendered":"Home"},"content":{"rendered":"<div id='full_slider_1'  class='avia-fullwidth-slider main_color avia-shadow   avia-builder-el-0  el_before_av_section  avia-builder-el-first   container_wrap fullsize' style=' '  ><div   data-size='no scaling'  data-lightbox_size='large'  data-animation='fade'  data-conditional_play=''  data-ids='3861'  data-video_counter='0'  data-autoplay='false'  data-bg_slider='false'  data-slide_height=''  data-handle='av_slideshow_full'  data-interval='5'  data-class=' '  data-el_id=''  data-css_id=''  data-scroll_down=''  data-control_layout='av-control-default'  data-custom_markup=''  data-perma_caption=''  data-autoplay_stopper=''  data-image_attachment=''  data-min_height='0px'  data-src=''  data-position='top left'  data-repeat='no-repeat'  data-attach='scroll'  data-stretch=''  class='avia-slideshow avia-slideshow-1  av-control-default av-default-height-applied avia-slideshow-no scaling av_slideshow_full   avia-fade-slider '  itemprop=\"image\" itemscope=\"itemscope\" itemtype=\"https:\/\/schema.org\/ImageObject\" ><ul class='avia-slideshow-inner ' style='padding-bottom: 47.916666666667%;' ><li  class=' av-single-slide slide-1 ' ><div data-rel='slideshow-1' class='avia-slide-wrap '   ><div class = \"caption_fullwidth av-slideshow-caption caption_bottom\"><div class = \"container caption_container\"><div class = \"slideshow_caption\"><div class = \"slideshow_inner_caption\"><div class = \"slideshow_align_caption\"><h2  class='avia-caption-title  '  itemprop=\"name\" >Hotel Restaurant<\/h2><div class='avia-caption-content  '  itemprop=\"description\"  ><p>Port of Erquy<\/p>\n<\/div><\/div><\/div><\/div><\/div><\/div><img src=\"data:image\/gif;base64,R0lGODdhAQABAPAAAP\/\/\/wAAACwAAAAAAQABAEACAkQBADs=\" data-lazy-src='https:\/\/www.la-table-de-jeanne.fr\/public\/uploads\/2020\/03\/slide_01.jpg' width='1920' height='920' title='H\u00f4tel Restaurant La Table de Jeanne \u00e0 Erquy' alt='H\u00f4tel Restaurant La Table de Jeanne - Erquy'  itemprop=\"thumbnailUrl\"   \/><noscript><img src='https:\/\/www.la-table-de-jeanne.fr\/public\/uploads\/2020\/03\/slide_01.jpg' width='1920' height='920' title='H\u00f4tel Restaurant La Table de Jeanne \u00e0 Erquy' alt='H\u00f4tel Restaurant La Table de Jeanne - Erquy'  itemprop=\"thumbnailUrl\"   \/><\/noscript><\/div><\/li><\/ul><\/div><\/div>\n<div id='btn_facebook'  class='avia-section main_color avia-section-default avia-no-border-styling avia-bg-style-scroll  avia-builder-el-1  el_after_av_slideshow_full  el_before_av_section   container_wrap fullsize' style=' '  ><div class='container' ><div class='template-page content  av-content-full alpha units'><div class='post-entry post-entry-type-page post-entry-4251'><div class='entry-content-wrapper clearfix'>\n<div  class='avia-button-wrap avia-button-center  avia-builder-el-2  el_before_av_button  avia-builder-el-first  instagram' ><a href='https:\/\/www.instagram.com\/latabledejeanne.erquy\/?hl=fr' class='avia-button   avia-icon_select-no avia-color-theme-color avia-size-small avia-position-center ' target=\"_blank\" rel=\"noopener\"><span class='avia_iconbox_title' >e<\/span><\/a><\/div>\n<div  class='avia-button-wrap avia-button-center  avia-builder-el-3  el_after_av_button  avia-builder-el-last  facebook' ><a href='https:\/\/fr-fr.facebook.com\/latabledejeanneerquy\/' class='avia-button   avia-icon_select-no avia-color-theme-color avia-size-small avia-position-center ' target=\"_blank\" rel=\"noopener\"><span class='avia_iconbox_title' >d<\/span><\/a><\/div>\n\n<\/div><\/div><\/div><!-- close content main div --><\/div><\/div><div id='about'  class='avia-section main_color avia-section-default avia-no-border-styling avia-bg-style-scroll  avia-builder-el-4  el_after_av_section  el_before_av_section   container_wrap fullsize' style=' '  ><div class='container' ><div class='template-page content  av-content-full alpha units'><div class='post-entry post-entry-type-page post-entry-4251'><div class='entry-content-wrapper clearfix'>\n\n<div class=\"flex_column av_one_half  no_margin flex_column_div av-zero-column-padding first  avia-builder-el-6  el_after_av_codeblock  el_before_av_one_half  about_txt_block \" style='border-radius:0px; '><p><div  style='padding-bottom:0px; ' class='av-special-heading av-special-heading-h2  blockquote modern-quote modern-centered  avia-builder-el-7  el_before_av_heading  avia-builder-el-first  '><h2 class='av-special-heading-tag '  itemprop=\"headline\"  >Hotel Restaurant<\/h2><div class ='av-subheading av-subheading_below  ' style='font-size:15px;'><p>Sea view<\/p>\n<\/div><div class='special-heading-border'><div class='special-heading-inner-border' ><\/div><\/div><\/div><br \/>\n<div  style='padding-bottom:0px; ' class='av-special-heading av-special-heading-h3  blockquote modern-quote modern-centered  avia-builder-el-8  el_after_av_heading  el_before_av_textblock  '><h3 class='av-special-heading-tag '  itemprop=\"headline\"  >Let yourself be charmed<\/h3><div class ='av-subheading av-subheading_below  ' style='font-size:15px;'><p>by the atmosphere of Erquy<\/p>\n<\/div><div class='special-heading-border'><div class='special-heading-inner-border' ><\/div><\/div><\/div><br \/>\n<section class=\"av_textblock_section \"  itemscope=\"itemscope\" itemtype=\"https:\/\/schema.org\/CreativeWork\" ><div class='avia_textblock  '   itemprop=\"text\" ><p style=\"text-align: center;\">Discover the gentle way of life in Brittany in the <strong>warm and friendly setting of the hotel-restaurant La Table de Jeanne<\/strong>. Like the bay, the hotel is a haven of peace where life is good. The welcoming atmosphere and sea view will captivate nature lovers. <strong>Our staff will be delighted to welcome you and delight your taste buds<\/strong>.<\/p>\n<p style=\"text-align: center;\">You will enjoy a privileged environment just a few steps from the beach, the customs officers&#8217; path (GR34), the port, golf courses, and local shops. For <strong>family holidays<\/strong>, a <strong>weekend by the sea<\/strong>, or <strong>an overnight stop near Saint-Brieuc<\/strong>, La Table de Jeanne is the ideal destination.<\/p>\n<p style=\"text-align: center;\">La Table de Jeanne takes its name from the old Erquy sailing ship called La Sainte-Jeanne. From our restaurant, <strong>you can admire it all year round as it is moored in the port<\/strong>, at anchor offshore, and you may even, if you are lucky, see its sails being hoisted by the old sea dogs.<\/p>\n<p style=\"text-align: center;\">La Table de Jeanne <strong>is ideally located<\/strong>,<strong> near Lamballe and Saint Brieuc<\/strong> in the C\u00f4tes d&#8217;Armor.<\/p>\n<\/div><\/section><br \/>\n<div  class='avia-button-wrap avia-button-center  avia-builder-el-10  el_after_av_textblock  avia-builder-el-last  bouton prune video' ><a href='https:\/\/www.vision-environnement.com\/livecams\/webcam.php?webcam=erquy' class='avia-button   avia-icon_select-no avia-color-theme-color avia-size-small avia-position-center ' target=\"_blank\" rel=\"noopener\"><span class='avia_iconbox_title' >Discover the port of Erquy<\/span><\/a><\/div><\/p><\/div><div class=\"flex_column av_one_half  no_margin flex_column_div av-zero-column-padding   avia-builder-el-11  el_after_av_one_half  avia-builder-el-last  about_img_block \" style='border-radius:0px; '><div  class='avia-image-container  av-styling-    avia-builder-el-12  avia-builder-el-no-sibling  avia-align-center '  itemprop=\"image\" itemscope=\"itemscope\" itemtype=\"https:\/\/schema.org\/ImageObject\"  ><div class='avia-image-container-inner'><div class='avia-image-overlay-wrap'><img class='avia_image' src=\"data:image\/gif;base64,R0lGODdhAQABAPAAAP\/\/\/wAAACwAAAAAAQABAEACAkQBADs=\" data-lazy-src='https:\/\/www.la-table-de-jeanne.fr\/public\/uploads\/2020\/03\/img_about_home.jpg' alt='Hotel Restaurant La Table de Jeanne - Erquy' title='img_about_home' height=\"640\" width=\"960\"  itemprop=\"thumbnailUrl\"  \/><noscript><img class='avia_image' src='https:\/\/www.la-table-de-jeanne.fr\/public\/uploads\/2020\/03\/img_about_home.jpg' alt='Hotel Restaurant La Table de Jeanne - Erquy' title='img_about_home' height=\"640\" width=\"960\"  itemprop=\"thumbnailUrl\"  \/><\/noscript><\/div><\/div><\/div><\/div>\n\n<\/div><\/div><\/div><!-- close content main div --><\/div><\/div><div id='prestations'  class='avia-section main_color avia-section-default avia-no-border-styling avia-bg-style-scroll  avia-builder-el-13  el_after_av_section  avia-builder-el-last   container_wrap fullsize' style=' '  ><div class='container' ><div class='template-page content  av-content-full alpha units'><div class='post-entry post-entry-type-page post-entry-4251'><div class='entry-content-wrapper clearfix'>\n\n<div  style='padding-bottom:0px; ' class='av-special-heading av-special-heading-h2  blockquote modern-quote  avia-builder-el-15  el_after_av_codeblock  el_before_av_one_half  '><h2 class='av-special-heading-tag '  itemprop=\"headline\"  >Our Services<\/h2><div class ='av-subheading av-subheading_below  ' style='font-size:15px;'><p>La Table de Jeanne<\/p>\n<\/div><div class='special-heading-border'><div class='special-heading-inner-border' ><\/div><\/div><\/div>\n<div class=\"flex_column av_one_half  flex_column_div av-zero-column-padding first  avia-builder-el-16  el_after_av_heading  el_before_av_one_half  prestation \" style='border-radius:0px; '><p><div  class='avia-image-container  av-styling-    avia-builder-el-17  el_before_av_button  avia-builder-el-first  avia-align-center '  itemprop=\"image\" itemscope=\"itemscope\" itemtype=\"https:\/\/schema.org\/ImageObject\"  ><div class='avia-image-container-inner'><div class='avia-image-overlay-wrap'><img class='avia_image' src=\"data:image\/gif;base64,R0lGODdhAQABAPAAAP\/\/\/wAAACwAAAAAAQABAEACAkQBADs=\" data-lazy-src='https:\/\/www.la-table-de-jeanne.fr\/public\/uploads\/2020\/03\/prestations_home_01.jpg' alt='Services La Table de Jeanne - Erquy' title='prestations_home_01' height=\"238\" width=\"491\"  itemprop=\"thumbnailUrl\"  \/><noscript><img class='avia_image' src='https:\/\/www.la-table-de-jeanne.fr\/public\/uploads\/2020\/03\/prestations_home_01.jpg' alt='Services La Table de Jeanne - Erquy' title='prestations_home_01' height=\"238\" width=\"491\"  itemprop=\"thumbnailUrl\"  \/><\/noscript><\/div><\/div><\/div><br \/>\n<div  class='avia-button-wrap avia-button-right  avia-builder-el-18  el_after_av_image  avia-builder-el-last  bouton_image prune' ><a href='https:\/\/www.la-table-de-jeanne.fr\/en\/hotel\/'  class='avia-button   avia-icon_select-no avia-color-theme-color avia-size-small avia-position-right '   ><span class='avia_iconbox_title' >Hotel<\/span><\/a><\/div><\/p><\/div><div class=\"flex_column av_one_half  flex_column_div av-zero-column-padding   avia-builder-el-19  el_after_av_one_half  el_before_av_one_half  prestation \" style='border-radius:0px; '><p><div  class='avia-image-container  av-styling-    avia-builder-el-20  el_before_av_button  avia-builder-el-first  avia-align-center '  itemprop=\"image\" itemscope=\"itemscope\" itemtype=\"https:\/\/schema.org\/ImageObject\"  ><div class='avia-image-container-inner'><div class='avia-image-overlay-wrap'><img class='avia_image' src=\"data:image\/gif;base64,R0lGODdhAQABAPAAAP\/\/\/wAAACwAAAAAAQABAEACAkQBADs=\" data-lazy-src='https:\/\/www.la-table-de-jeanne.fr\/public\/uploads\/2020\/03\/prestations_home_02.jpg' alt='Services La Table de Jeanne - Erquy' title='prestations_home_02' height=\"238\" width=\"491\"  itemprop=\"thumbnailUrl\"  \/><noscript><img class='avia_image' src='https:\/\/www.la-table-de-jeanne.fr\/public\/uploads\/2020\/03\/prestations_home_02.jpg' alt='Services La Table de Jeanne - Erquy' title='prestations_home_02' height=\"238\" width=\"491\"  itemprop=\"thumbnailUrl\"  \/><\/noscript><\/div><\/div><\/div><br \/>\n<div  class='avia-button-wrap avia-button-right  avia-builder-el-21  el_after_av_image  avia-builder-el-last  bouton_image blanc' ><a href='https:\/\/www.la-table-de-jeanne.fr\/en\/restaurant\/'  class='avia-button   avia-icon_select-no avia-color-theme-color avia-size-small avia-position-right '   ><span class='avia_iconbox_title' >Restaurant<\/span><\/a><\/div><\/p><\/div><div class=\"flex_column av_one_half  flex_column_div av-zero-column-padding first  avia-builder-el-22  el_after_av_one_half  el_before_av_one_half  prestation column-top-margin\" style='border-radius:0px; '><p><div  class='avia-image-container  av-styling-    avia-builder-el-23  el_before_av_button  avia-builder-el-first  avia-align-center '  itemprop=\"image\" itemscope=\"itemscope\" itemtype=\"https:\/\/schema.org\/ImageObject\"  ><div class='avia-image-container-inner'><div class='avia-image-overlay-wrap'><img class='avia_image' src=\"data:image\/gif;base64,R0lGODdhAQABAPAAAP\/\/\/wAAACwAAAAAAQABAEACAkQBADs=\" data-lazy-src='https:\/\/www.la-table-de-jeanne.fr\/public\/uploads\/2020\/03\/prestations_home_03.jpg' alt='Services La Table de Jeanne - Erquy' title='prestations_home_03' height=\"239\" width=\"491\"  itemprop=\"thumbnailUrl\"  \/><noscript><img class='avia_image' src='https:\/\/www.la-table-de-jeanne.fr\/public\/uploads\/2020\/03\/prestations_home_03.jpg' alt='Services La Table de Jeanne - Erquy' title='prestations_home_03' height=\"239\" width=\"491\"  itemprop=\"thumbnailUrl\"  \/><\/noscript><\/div><\/div><\/div><br \/>\n<div  class='avia-button-wrap avia-button-right  avia-builder-el-24  el_after_av_image  avia-builder-el-last  bouton_image blanc' ><a href='https:\/\/www.la-table-de-jeanne.fr\/en\/groups\/'  class='avia-button   avia-icon_select-no avia-color-theme-color avia-size-small avia-position-right '   ><span class='avia_iconbox_title' >Groups<\/span><\/a><\/div><\/p><\/div><div class=\"flex_column av_one_half  flex_column_div av-zero-column-padding   avia-builder-el-25  el_after_av_one_half  avia-builder-el-last  prestation column-top-margin\" style='border-radius:0px; '><p><div  class='avia-image-container  av-styling-    avia-builder-el-26  el_before_av_button  avia-builder-el-first  avia-align-center '  itemprop=\"image\" itemscope=\"itemscope\" itemtype=\"https:\/\/schema.org\/ImageObject\"  ><div class='avia-image-container-inner'><div class='avia-image-overlay-wrap'><img class='avia_image' src=\"data:image\/gif;base64,R0lGODdhAQABAPAAAP\/\/\/wAAACwAAAAAAQABAEACAkQBADs=\" data-lazy-src='https:\/\/www.la-table-de-jeanne.fr\/public\/uploads\/2020\/03\/prestations_home_04.jpg' alt='Services La Table de Jeanne - Erquy' title='prestations_home_04' height=\"238\" width=\"491\"  itemprop=\"thumbnailUrl\"  \/><noscript><img class='avia_image' src='https:\/\/www.la-table-de-jeanne.fr\/public\/uploads\/2020\/03\/prestations_home_04.jpg' alt='Services La Table de Jeanne - Erquy' title='prestations_home_04' height=\"238\" width=\"491\"  itemprop=\"thumbnailUrl\"  \/><\/noscript><\/div><\/div><\/div><br \/>\n<div  class='avia-button-wrap avia-button-right  avia-builder-el-27  el_after_av_image  avia-builder-el-last  bouton_image prune' ><a href='https:\/\/www.la-table-de-jeanne.fr\/en\/tourism\/'  class='avia-button   avia-icon_select-no avia-color-theme-color avia-size-small avia-position-right '   ><span class='avia_iconbox_title' >Tourism<\/span><\/a><\/div><\/p><\/div>\n","protected":false},"excerpt":{"rendered":"<p>This is a Page excerpt. It will be displayed for search results <\/p>\n","protected":false},"author":1,"featured_media":0,"parent":0,"menu_order":0,"comment_status":"closed","ping_status":"closed","template":"","meta":{"footnotes":""},"class_list":["post-4251","page","type-page","status-publish","hentry"],"yoast_head":"<!-- This site is optimized with the Yoast SEO plugin v25.5 - https:\/\/yoast.com\/wordpress\/plugins\/seo\/ -->\n<title>Hotel and Restaurant on the port of Erquy - La Table de Jeanne<\/title>\n<meta name=\"description\" content=\"La Table de Jeanne is a Hotel - Restaurant located on the port of Erquy. With breathtaking views of the sea and the port: 12 rooms, fresh &amp; refined cuisine\" \/>\n<meta name=\"robots\" content=\"index, follow, max-snippet:-1, max-image-preview:large, max-video-preview:-1\" \/>\n<link rel=\"canonical\" href=\"https:\/\/www.la-table-de-jeanne.fr\/en\/home\/\" \/>\n<meta property=\"og:locale\" content=\"en_US\" \/>\n<meta property=\"og:type\" content=\"article\" \/>\n<meta property=\"og:title\" content=\"Hotel and Restaurant on the port of Erquy - La Table de Jeanne\" \/>\n<meta property=\"og:description\" content=\"La Table de Jeanne is a Hotel - Restaurant located on the port of Erquy. With breathtaking views of the sea and the port: 12 rooms, fresh &amp; refined cuisine\" \/>\n<meta property=\"og:url\" content=\"https:\/\/www.la-table-de-jeanne.fr\/en\/home\/\" \/>\n<meta property=\"og:site_name\" content=\"La Table de Jeanne\" \/>\n<meta property=\"article:modified_time\" content=\"2025-11-06T08:14:59+00:00\" \/>\n<meta name=\"twitter:card\" content=\"summary_large_image\" \/>\n<meta name=\"twitter:label1\" content=\"Est. reading time\" \/>\n\t<meta name=\"twitter:data1\" content=\"5 minutes\" \/>\n<script type=\"application\/ld+json\" class=\"yoast-schema-graph\">{\"@context\":\"https:\/\/schema.org\",\"@graph\":[{\"@type\":\"WebPage\",\"@id\":\"https:\/\/www.la-table-de-jeanne.fr\/en\/home\/\",\"url\":\"https:\/\/www.la-table-de-jeanne.fr\/en\/home\/\",\"name\":\"Hotel and Restaurant on the port of Erquy - La Table de Jeanne\",\"isPartOf\":{\"@id\":\"https:\/\/www.la-table-de-jeanne.fr\/#website\"},\"datePublished\":\"2013-04-01T14:37:54+00:00\",\"dateModified\":\"2025-11-06T08:14:59+00:00\",\"description\":\"La Table de Jeanne is a Hotel - Restaurant located on the port of Erquy. With breathtaking views of the sea and the port: 12 rooms, fresh & refined cuisine\",\"breadcrumb\":{\"@id\":\"https:\/\/www.la-table-de-jeanne.fr\/en\/home\/#breadcrumb\"},\"inLanguage\":\"en-US\",\"potentialAction\":[{\"@type\":\"ReadAction\",\"target\":[\"https:\/\/www.la-table-de-jeanne.fr\/en\/home\/\"]}]},{\"@type\":\"BreadcrumbList\",\"@id\":\"https:\/\/www.la-table-de-jeanne.fr\/en\/home\/#breadcrumb\",\"itemListElement\":[{\"@type\":\"ListItem\",\"position\":1,\"name\":\"Accueil\",\"item\":\"https:\/\/www.la-table-de-jeanne.fr\/en\/home\/\"},{\"@type\":\"ListItem\",\"position\":2,\"name\":\"Home\"}]},{\"@type\":\"WebSite\",\"@id\":\"https:\/\/www.la-table-de-jeanne.fr\/#website\",\"url\":\"https:\/\/www.la-table-de-jeanne.fr\/\",\"name\":\"La Table de Jeanne\",\"description\":\"\",\"potentialAction\":[{\"@type\":\"SearchAction\",\"target\":{\"@type\":\"EntryPoint\",\"urlTemplate\":\"https:\/\/www.la-table-de-jeanne.fr\/?s={search_term_string}\"},\"query-input\":{\"@type\":\"PropertyValueSpecification\",\"valueRequired\":true,\"valueName\":\"search_term_string\"}}],\"inLanguage\":\"en-US\"}]}<\/script>\n<!-- \/ Yoast SEO plugin. -->","yoast_head_json":{"title":"Hotel and Restaurant on the port of Erquy - La Table de Jeanne","description":"La Table de Jeanne is a Hotel - Restaurant located on the port of Erquy. With breathtaking views of the sea and the port: 12 rooms, fresh & refined cuisine","robots":{"index":"index","follow":"follow","max-snippet":"max-snippet:-1","max-image-preview":"max-image-preview:large","max-video-preview":"max-video-preview:-1"},"canonical":"https:\/\/www.la-table-de-jeanne.fr\/en\/home\/","og_locale":"en_US","og_type":"article","og_title":"Hotel and Restaurant on the port of Erquy - La Table de Jeanne","og_description":"La Table de Jeanne is a Hotel - Restaurant located on the port of Erquy. With breathtaking views of the sea and the port: 12 rooms, fresh & refined cuisine","og_url":"https:\/\/www.la-table-de-jeanne.fr\/en\/home\/","og_site_name":"La Table de Jeanne","article_modified_time":"2025-11-06T08:14:59+00:00","twitter_card":"summary_large_image","twitter_misc":{"Est. reading time":"5 minutes"},"schema":{"@context":"https:\/\/schema.org","@graph":[{"@type":"WebPage","@id":"https:\/\/www.la-table-de-jeanne.fr\/en\/home\/","url":"https:\/\/www.la-table-de-jeanne.fr\/en\/home\/","name":"Hotel and Restaurant on the port of Erquy - La Table de Jeanne","isPartOf":{"@id":"https:\/\/www.la-table-de-jeanne.fr\/#website"},"datePublished":"2013-04-01T14:37:54+00:00","dateModified":"2025-11-06T08:14:59+00:00","description":"La Table de Jeanne is a Hotel - Restaurant located on the port of Erquy. With breathtaking views of the sea and the port: 12 rooms, fresh & refined cuisine","breadcrumb":{"@id":"https:\/\/www.la-table-de-jeanne.fr\/en\/home\/#breadcrumb"},"inLanguage":"en-US","potentialAction":[{"@type":"ReadAction","target":["https:\/\/www.la-table-de-jeanne.fr\/en\/home\/"]}]},{"@type":"BreadcrumbList","@id":"https:\/\/www.la-table-de-jeanne.fr\/en\/home\/#breadcrumb","itemListElement":[{"@type":"ListItem","position":1,"name":"Accueil","item":"https:\/\/www.la-table-de-jeanne.fr\/en\/home\/"},{"@type":"ListItem","position":2,"name":"Home"}]},{"@type":"WebSite","@id":"https:\/\/www.la-table-de-jeanne.fr\/#website","url":"https:\/\/www.la-table-de-jeanne.fr\/","name":"La Table de Jeanne","description":"","potentialAction":[{"@type":"SearchAction","target":{"@type":"EntryPoint","urlTemplate":"https:\/\/www.la-table-de-jeanne.fr\/?s={search_term_string}"},"query-input":{"@type":"PropertyValueSpecification","valueRequired":true,"valueName":"search_term_string"}}],"inLanguage":"en-US"}]}},"_links":{"self":[{"href":"https:\/\/www.la-table-de-jeanne.fr\/en\/wp-json\/wp\/v2\/pages\/4251","targetHints":{"allow":["GET"]}}],"collection":[{"href":"https:\/\/www.la-table-de-jeanne.fr\/en\/wp-json\/wp\/v2\/pages"}],"about":[{"href":"https:\/\/www.la-table-de-jeanne.fr\/en\/wp-json\/wp\/v2\/types\/page"}],"author":[{"embeddable":true,"href":"https:\/\/www.la-table-de-jeanne.fr\/en\/wp-json\/wp\/v2\/users\/1"}],"replies":[{"embeddable":true,"href":"https:\/\/www.la-table-de-jeanne.fr\/en\/wp-json\/wp\/v2\/comments?post=4251"}],"version-history":[{"count":10,"href":"https:\/\/www.la-table-de-jeanne.fr\/en\/wp-json\/wp\/v2\/pages\/4251\/revisions"}],"predecessor-version":[{"id":4316,"href":"https:\/\/www.la-table-de-jeanne.fr\/en\/wp-json\/wp\/v2\/pages\/4251\/revisions\/4316"}],"wp:attachment":[{"href":"https:\/\/www.la-table-de-jeanne.fr\/en\/wp-json\/wp\/v2\/media?parent=4251"}],"curies":[{"name":"wp","href":"https:\/\/api.w.org\/{rel}","templated":true}]}}