{"id":4270,"date":"2018-06-28T14:34:17","date_gmt":"2018-06-28T13:34:17","guid":{"rendered":"https:\/\/www.la-table-de-jeanne.fr\/privacy-policy\/"},"modified":"2025-11-04T16:54:10","modified_gmt":"2025-11-04T15:54:10","slug":"privacy-policy","status":"publish","type":"page","link":"https:\/\/www.la-table-de-jeanne.fr\/en\/privacy-policy\/","title":{"rendered":"Privacy Policy"},"content":{"rendered":"<section class=\"av_textblock_section \"  itemscope=\"itemscope\" itemtype=\"https:\/\/schema.org\/CreativeWork\" ><div class='avia_textblock  '   itemprop=\"text\" ><p style=\"text-align: left;\">Dans le cadre de notre activit\u00e9, notre soci\u00e9t\u00e9 est amen\u00e9e \u00e0 traiter des informations vous concernant. Certaines sont de nature \u00e0 vous identifier (\u00ab donn\u00e9es personnelles \u00bb). La pr\u00e9sente politique de confidentialit\u00e9 vous informe de la mani\u00e8re dont nous recueillons et traitons vos donn\u00e9es personnelles. Nous vous invitons \u00e0 la lire attentivement.<\/p>\n<h2 style=\"text-align: left;\">Pour quelles finalit\u00e9s utilisons-nous vos donn\u00e9es ?<\/h2>\n<p style=\"text-align: left;\">Nous n\u2019utilisons vos donn\u00e9es personnelles que dans les cas pr\u00e9sentant un int\u00e9r\u00eat l\u00e9gitime.<br \/>\nNotre int\u00e9r\u00eat l\u00e9gitime \u00e0 l\u2019utilisation de vos donn\u00e9es est de :<\/p>\n<ul style=\"text-align: left;\">\n<li>Vous donner la possibilit\u00e9 de nous contacter<\/li>\n<li>Caract\u00e9riser l\u2019audience de notre site afin d\u2019en am\u00e9liorer l\u2019exp\u00e9rience<\/li>\n<\/ul>\n<p style=\"text-align: left;\">En tout \u00e9tat de cause, vos droits individuels primeront toujours sur notre int\u00e9r\u00eat l\u00e9gitime, et nous n\u2019utiliserons jamais vos donn\u00e9es \u00e0 des fins commerciales contre votre volont\u00e9. Votre consentement \u00e0 l\u2019utilisation de vos donn\u00e9es vous sera toujours demand\u00e9, et vous pourrez toujours le retirer.<\/p>\n<h2 style=\"text-align: left;\">Comment vos donn\u00e9es sont-elles collect\u00e9es, et quelles sont-elles ?<\/h2>\n<ul style=\"text-align: left;\">\n<li>En remplissant un formulaire de contact : nom, pr\u00e9nom, email et num\u00e9ro de t\u00e9l\u00e9phone<\/li>\n<li>Par d\u00e9p\u00f4t d\u2019un cookie dans votre navigateur : adresse IP, syst\u00e8me d\u2019exploitation (Windows, Mac, Linux\u2026), navigateur (Firefox, Chrome, Internet Explorer, Safari\u2026), date et heure de votre visite, adresse de la page internet de provenance, contenus consult\u00e9s sur notre site.<\/li>\n<\/ul>\n<h2 style=\"text-align: left;\">Qui a acc\u00e8s aux donn\u00e9es que nous recueillons ?<\/h2>\n<p style=\"text-align: left;\">Les donn\u00e9es que nous collectons directement par l\u2019interm\u00e9diaire de formulaires ne sont transmises \u00e0 aucune autre soci\u00e9t\u00e9. Au sein de notre soci\u00e9t\u00e9, seules les personnes habilit\u00e9es \u00e0 traiter la r\u00e9ception des formulaires peuvent acc\u00e9der \u00e0 vos donn\u00e9es personnelles.<\/p>\n<p style=\"text-align: left;\">Les donn\u00e9es que nous collectons indirectement par l\u2019interm\u00e9diaire de cookies sont transmises \u00e0 Google Analytics.<\/p>\n<h2 style=\"text-align: left;\">O\u00f9 se trouvent physiquement vos donn\u00e9es (lieu de stockage) ?<\/h2>\n<p style=\"text-align: left;\">Les donn\u00e9es que nous recueillons directement sont stock\u00e9es en France, sur les serveurs de la soci\u00e9t\u00e9 OVH. Les donn\u00e9es anonymis\u00e9es recueillies par l\u2019interm\u00e9diaire de cookies et transmises \u00e0 Google Analytics sont stock\u00e9es sur les serveurs de Google.<\/p>\n<h2 style=\"text-align: left;\">Comment vos donn\u00e9es sont-elles prot\u00e9g\u00e9es ?<\/h2>\n<p style=\"text-align: left;\">Tous les \u00e9changes avec notre site internet sont crypt\u00e9s par un certificat SSL Let\u2019s Encrypt. Les personnes de notre soci\u00e9t\u00e9 habilit\u00e9es \u00e0 consulter vos donn\u00e9es le font via une connexion s\u00e9curis\u00e9e par login et mot de passe crypt\u00e9.<\/p>\n<h2 style=\"text-align: left;\">Quels sont vos droits ?<\/h2>\n<p style=\"text-align: left;\">Vous pouvez \u00e0 tout moment demander le retrait de votre consentement \u00e0 l\u2019un de nos services. Vous pouvez \u00e9galement demander la suppression totale et d\u00e9finitive de nos syst\u00e8mes des donn\u00e9es personnelles vous concernant. Votre demande doit \u00eatre formul\u00e9e \u00e0 l\u2019attention du responsable du traitement des donn\u00e9es personnelles.<\/p>\n<h2 style=\"text-align: left;\">Responsable du traitement des donn\u00e9es<\/h2>\n<p style=\"text-align: left;\">Le responsable des traitements mentionn\u00e9s par le pr\u00e9sent document est la Soci\u00e9t\u00e9 DACOREST<br \/>\nLe d\u00e9l\u00e9gu\u00e9 \u00e0 la protection des donn\u00e9es est joignable \u00e0 l\u2019adresse : dacorest@orange.fr<\/p>\n<\/div><\/section>\n","protected":false},"excerpt":{"rendered":"","protected":false},"author":1,"featured_media":0,"parent":0,"menu_order":7,"comment_status":"closed","ping_status":"closed","template":"","meta":{"footnotes":""},"class_list":["post-4270","page","type-page","status-publish","hentry"],"yoast_head":"<!-- This site is optimized with the Yoast SEO plugin v25.5 - https:\/\/yoast.com\/wordpress\/plugins\/seo\/ -->\n<title>Privacy Policy - La Table de Jeanne<\/title>\n<meta name=\"robots\" content=\"noindex, nofollow\" \/>\n<meta property=\"og:locale\" content=\"en_US\" \/>\n<meta property=\"og:type\" content=\"article\" \/>\n<meta property=\"og:title\" content=\"Privacy Policy - La Table de Jeanne\" \/>\n<meta property=\"og:url\" content=\"https:\/\/www.la-table-de-jeanne.fr\/en\/privacy-policy\/\" \/>\n<meta property=\"og:site_name\" content=\"La Table de Jeanne\" \/>\n<meta property=\"article:modified_time\" content=\"2025-11-04T15:54:10+00:00\" \/>\n<meta name=\"twitter:card\" content=\"summary_large_image\" \/>\n<meta name=\"twitter:label1\" content=\"Est. reading time\" \/>\n\t<meta name=\"twitter:data1\" content=\"3 minutes\" \/>\n<script type=\"application\/ld+json\" class=\"yoast-schema-graph\">{\"@context\":\"https:\/\/schema.org\",\"@graph\":[{\"@type\":\"WebPage\",\"@id\":\"https:\/\/www.la-table-de-jeanne.fr\/en\/privacy-policy\/\",\"url\":\"https:\/\/www.la-table-de-jeanne.fr\/en\/privacy-policy\/\",\"name\":\"Privacy Policy - La Table de Jeanne\",\"isPartOf\":{\"@id\":\"https:\/\/www.la-table-de-jeanne.fr\/#website\"},\"datePublished\":\"2018-06-28T13:34:17+00:00\",\"dateModified\":\"2025-11-04T15:54:10+00:00\",\"breadcrumb\":{\"@id\":\"https:\/\/www.la-table-de-jeanne.fr\/en\/privacy-policy\/#breadcrumb\"},\"inLanguage\":\"en-US\",\"potentialAction\":[{\"@type\":\"ReadAction\",\"target\":[\"https:\/\/www.la-table-de-jeanne.fr\/en\/privacy-policy\/\"]}]},{\"@type\":\"BreadcrumbList\",\"@id\":\"https:\/\/www.la-table-de-jeanne.fr\/en\/privacy-policy\/#breadcrumb\",\"itemListElement\":[{\"@type\":\"ListItem\",\"position\":1,\"name\":\"Accueil\",\"item\":\"https:\/\/www.la-table-de-jeanne.fr\/en\/home\/\"},{\"@type\":\"ListItem\",\"position\":2,\"name\":\"Privacy Policy\"}]},{\"@type\":\"WebSite\",\"@id\":\"https:\/\/www.la-table-de-jeanne.fr\/#website\",\"url\":\"https:\/\/www.la-table-de-jeanne.fr\/\",\"name\":\"La Table de Jeanne\",\"description\":\"\",\"potentialAction\":[{\"@type\":\"SearchAction\",\"target\":{\"@type\":\"EntryPoint\",\"urlTemplate\":\"https:\/\/www.la-table-de-jeanne.fr\/?s={search_term_string}\"},\"query-input\":{\"@type\":\"PropertyValueSpecification\",\"valueRequired\":true,\"valueName\":\"search_term_string\"}}],\"inLanguage\":\"en-US\"}]}<\/script>\n<!-- \/ Yoast SEO plugin. -->","yoast_head_json":{"title":"Privacy Policy - La Table de Jeanne","robots":{"index":"noindex","follow":"nofollow"},"og_locale":"en_US","og_type":"article","og_title":"Privacy Policy - La Table de Jeanne","og_url":"https:\/\/www.la-table-de-jeanne.fr\/en\/privacy-policy\/","og_site_name":"La Table de Jeanne","article_modified_time":"2025-11-04T15:54:10+00:00","twitter_card":"summary_large_image","twitter_misc":{"Est. reading time":"3 minutes"},"schema":{"@context":"https:\/\/schema.org","@graph":[{"@type":"WebPage","@id":"https:\/\/www.la-table-de-jeanne.fr\/en\/privacy-policy\/","url":"https:\/\/www.la-table-de-jeanne.fr\/en\/privacy-policy\/","name":"Privacy Policy - La Table de Jeanne","isPartOf":{"@id":"https:\/\/www.la-table-de-jeanne.fr\/#website"},"datePublished":"2018-06-28T13:34:17+00:00","dateModified":"2025-11-04T15:54:10+00:00","breadcrumb":{"@id":"https:\/\/www.la-table-de-jeanne.fr\/en\/privacy-policy\/#breadcrumb"},"inLanguage":"en-US","potentialAction":[{"@type":"ReadAction","target":["https:\/\/www.la-table-de-jeanne.fr\/en\/privacy-policy\/"]}]},{"@type":"BreadcrumbList","@id":"https:\/\/www.la-table-de-jeanne.fr\/en\/privacy-policy\/#breadcrumb","itemListElement":[{"@type":"ListItem","position":1,"name":"Accueil","item":"https:\/\/www.la-table-de-jeanne.fr\/en\/home\/"},{"@type":"ListItem","position":2,"name":"Privacy Policy"}]},{"@type":"WebSite","@id":"https:\/\/www.la-table-de-jeanne.fr\/#website","url":"https:\/\/www.la-table-de-jeanne.fr\/","name":"La Table de Jeanne","description":"","potentialAction":[{"@type":"SearchAction","target":{"@type":"EntryPoint","urlTemplate":"https:\/\/www.la-table-de-jeanne.fr\/?s={search_term_string}"},"query-input":{"@type":"PropertyValueSpecification","valueRequired":true,"valueName":"search_term_string"}}],"inLanguage":"en-US"}]}},"_links":{"self":[{"href":"https:\/\/www.la-table-de-jeanne.fr\/en\/wp-json\/wp\/v2\/pages\/4270","targetHints":{"allow":["GET"]}}],"collection":[{"href":"https:\/\/www.la-table-de-jeanne.fr\/en\/wp-json\/wp\/v2\/pages"}],"about":[{"href":"https:\/\/www.la-table-de-jeanne.fr\/en\/wp-json\/wp\/v2\/types\/page"}],"author":[{"embeddable":true,"href":"https:\/\/www.la-table-de-jeanne.fr\/en\/wp-json\/wp\/v2\/users\/1"}],"replies":[{"embeddable":true,"href":"https:\/\/www.la-table-de-jeanne.fr\/en\/wp-json\/wp\/v2\/comments?post=4270"}],"version-history":[{"count":2,"href":"https:\/\/www.la-table-de-jeanne.fr\/en\/wp-json\/wp\/v2\/pages\/4270\/revisions"}],"predecessor-version":[{"id":4349,"href":"https:\/\/www.la-table-de-jeanne.fr\/en\/wp-json\/wp\/v2\/pages\/4270\/revisions\/4349"}],"wp:attachment":[{"href":"https:\/\/www.la-table-de-jeanne.fr\/en\/wp-json\/wp\/v2\/media?parent=4270"}],"curies":[{"name":"wp","href":"https:\/\/api.w.org\/{rel}","templated":true}]}}